{"id":77,"date":"2025-08-10T20:31:05","date_gmt":"2025-08-10T18:31:05","guid":{"rendered":"https:\/\/www.smartrenter.be\/?page_id=77"},"modified":"2025-08-15T09:54:36","modified_gmt":"2025-08-15T07:54:36","slug":"naaf","status":"publish","type":"page","link":"https:\/\/www.smartrenter.be\/nl\/naaf\/","title":{"rendered":"Huisvesting hub"},"content":{"rendered":"<style>.kb-row-layout-wrap.wp-block-kadence-rowlayout.kb-row-layout-id77_1964c5-bf{margin-top:0px;margin-bottom:0px;}.kb-row-layout-id77_1964c5-bf > .kt-row-column-wrap{align-content:center;}:where(.kb-row-layout-id77_1964c5-bf > .kt-row-column-wrap) > .wp-block-kadence-column{justify-content:center;}.kb-row-layout-id77_1964c5-bf > .kt-row-column-wrap{column-gap:var(--global-kb-gap-none, 0rem );row-gap:var(--global-kb-gap-md, 2rem);max-width:var( --global-content-width, 1290px );padding-left:var(--global-content-edge-padding);padding-right:var(--global-content-edge-padding);padding-top:var(--global-kb-spacing-xl, 4rem);padding-bottom:0px;grid-template-columns:repeat(2, minmax(0, 1fr));}.kb-row-layout-id77_1964c5-bf{--breakout-negative-margin-right:calc( ( ( ( var(--global-vw, 100vw) - ( var( --global-content-width, 1290px ) - ( var(--global-content-edge-padding)*2 ) ) ) \/ 2 ) *-1) + -1px);--breakout-negative-margin-left:calc( ( ( ( var(--global-vw, 100vw) - ( var( --global-content-width, 1290px ) - ( var(--global-content-edge-padding)*2 ) ) ) \/ 2 ) *-1) + -1px);}@media all and (min-width:1290px){.kb-row-layout-id77_1964c5-bf > .kt-row-column-wrap > .wp-block-kadence-column:nth-of-type(1):not(.specificity){margin-inline-start:var(--breakout-negative-margin-left);}}.kb-row-layout-id77_1964c5-bf > .kt-row-layout-overlay{opacity:0.30;}@media all and (min-width: 1025px){.kb-row-layout-id77_1964c5-bf > .kt-row-column-wrap > .wp-block-kadence-column:nth-of-type(1){margin-inline-start:calc( var(--global-content-edge-padding) *-1 );}}@media all and (max-width: 1024px){.kb-row-layout-id77_1964c5-bf > .kt-row-column-wrap{grid-template-columns:minmax(0, 1fr) minmax(0, 2fr);}}@media all and (min-width: 768px) and (max-width: 1024px){.kb-row-layout-id77_1964c5-bf > .kt-row-column-wrap:not(.kt-tab-layout-row) > .wp-block-kadence-column:nth-of-type(1){margin-inline-start:calc( var(--global-content-edge-padding) *-1 );}}@media all and (max-width: 767px){.kb-row-layout-id77_1964c5-bf > .kt-row-column-wrap{padding-top:0px;padding-right:0px;padding-bottom:0px;padding-left:0px;grid-template-columns:minmax(0, 1fr);}}<\/style><div class=\"kb-row-layout-wrap kb-row-layout-id77_1964c5-bf alignfull has-theme-palette9-background-color kt-row-has-bg wp-block-kadence-rowlayout\"><div class=\"kt-row-column-wrap kt-has-2-columns kt-row-layout-equal kt-tab-layout-right-golden kt-mobile-layout-row kt-row-valign-middle kt-inner-column-height-full kb-theme-content-width\">\n<style>.kadence-column77_f2001c-1e > .kt-inside-inner-col{min-height:600px;}.kadence-column77_f2001c-1e > .kt-inside-inner-col,.kadence-column77_f2001c-1e > .kt-inside-inner-col:before{border-top-left-radius:0px;border-top-right-radius:0px;border-bottom-right-radius:0px;border-bottom-left-radius:0px;}.kadence-column77_f2001c-1e > .kt-inside-inner-col{column-gap:var(--global-kb-gap-sm, 1rem);}.kadence-column77_f2001c-1e > .kt-inside-inner-col{flex-direction:column;}.kadence-column77_f2001c-1e > .kt-inside-inner-col > .aligncenter{width:100%;}.kadence-column77_f2001c-1e > .kt-inside-inner-col{background-image:url('https:\/\/www.smartrenter.be\/wp-content\/uploads\/2025\/08\/a-hand-holds-keys-with-a-house.jpeg');background-size:cover;background-position:center center;background-attachment:scroll;background-repeat:no-repeat;}.kadence-column77_f2001c-1e > .kt-inside-inner-col:before{opacity:0.3;}.kadence-column77_f2001c-1e{position:relative;}@media all and (max-width: 1024px){.kadence-column77_f2001c-1e > .kt-inside-inner-col{flex-direction:column;justify-content:center;}}@media all and (max-width: 1024px){.kadence-column77_f2001c-1e, .kt-inside-inner-col > .kadence-column77_f2001c-1e:not(.specificity){margin-left:-25%;}}@media all and (max-width: 767px){.kadence-column77_f2001c-1e > .kt-inside-inner-col{min-height:300px;flex-direction:column;justify-content:center;}.kadence-column77_f2001c-1e, .kt-inside-inner-col > .kadence-column77_f2001c-1e:not(.specificity){margin-top:0%;margin-right:0%;margin-bottom:0%;margin-left:0%;}}<\/style>\n<div class=\"wp-block-kadence-column kadence-column77_f2001c-1e inner-column-1\"><div class=\"kt-inside-inner-col\"><\/div><\/div>\n\n\n<style>.kadence-column77_a19eff-c4 > .kt-inside-inner-col{display:flex;}.kadence-column77_a19eff-c4 > .kt-inside-inner-col{padding-right:var(--global-kb-spacing-md, 2rem);padding-bottom:var(--global-kb-spacing-lg, 3rem);padding-left:var(--global-kb-spacing-3xl, 6.5rem);}.kadence-column77_a19eff-c4 > .kt-inside-inner-col,.kadence-column77_a19eff-c4 > .kt-inside-inner-col:before{border-top-left-radius:0px;border-top-right-radius:0px;border-bottom-right-radius:0px;border-bottom-left-radius:0px;}.kadence-column77_a19eff-c4 > .kt-inside-inner-col{column-gap:var(--global-kb-gap-sm, 1rem);}.kadence-column77_a19eff-c4 > .kt-inside-inner-col{flex-direction:column;justify-content:flex-start;}.kadence-column77_a19eff-c4 > .kt-inside-inner-col > .aligncenter{width:100%;}.kt-row-column-wrap > .kadence-column77_a19eff-c4{align-self:flex-start;}.kt-inner-column-height-full:not(.kt-has-1-columns) > .wp-block-kadence-column.kadence-column77_a19eff-c4{align-self:auto;}.kt-inner-column-height-full:not(.kt-has-1-columns) > .wp-block-kadence-column.kadence-column77_a19eff-c4 > .kt-inside-inner-col{flex-direction:column;justify-content:flex-start;}.kadence-column77_a19eff-c4 > .kt-inside-inner-col:before{opacity:0.3;}.kadence-column77_a19eff-c4{position:relative;}@media all and (max-width: 1024px){.kadence-column77_a19eff-c4 > .kt-inside-inner-col{padding-left:var(--global-kb-spacing-md, 2rem);flex-direction:column;justify-content:flex-start;}}@media all and (max-width: 1024px){.kt-row-column-wrap > .kadence-column77_a19eff-c4{align-self:flex-start;}}@media all and (max-width: 1024px){.kt-inner-column-height-full:not(.kt-has-1-columns) > .wp-block-kadence-column.kadence-column77_a19eff-c4{align-self:auto;}}@media all and (max-width: 1024px){.kt-inner-column-height-full:not(.kt-has-1-columns) > .wp-block-kadence-column.kadence-column77_a19eff-c4 > .kt-inside-inner-col{flex-direction:column;justify-content:flex-start;}}@media all and (max-width: 767px){.kadence-column77_a19eff-c4 > .kt-inside-inner-col{padding-right:var(--global-kb-spacing-sm, 1.5rem);padding-left:var(--global-kb-spacing-sm, 1.5rem);flex-direction:column;justify-content:flex-start;}.kt-row-column-wrap > .kadence-column77_a19eff-c4{align-self:flex-start;}.kt-inner-column-height-full:not(.kt-has-1-columns) > .wp-block-kadence-column.kadence-column77_a19eff-c4{align-self:auto;}.kt-inner-column-height-full:not(.kt-has-1-columns) > .wp-block-kadence-column.kadence-column77_a19eff-c4 > .kt-inside-inner-col{flex-direction:column;justify-content:flex-start;}}<\/style>\n<div class=\"wp-block-kadence-column kadence-column77_a19eff-c4 kb-section-dir-vertical inner-column-2\"><div class=\"kt-inside-inner-col\"><style>.wp-block-kadence-advancedheading.kt-adv-heading77_7a8709-53, .wp-block-kadence-advancedheading.kt-adv-heading77_7a8709-53[data-kb-block=\"kb-adv-heading77_7a8709-53\"]{padding-bottom:var(--global-kb-spacing-sm, 1.5rem);font-size:var(--global-kb-font-size-sm, 0.9rem);font-weight:400;font-style:normal;text-transform:uppercase;}.wp-block-kadence-advancedheading.kt-adv-heading77_7a8709-53 mark.kt-highlight, .wp-block-kadence-advancedheading.kt-adv-heading77_7a8709-53[data-kb-block=\"kb-adv-heading77_7a8709-53\"] mark.kt-highlight{font-style:normal;color:#f76a0c;-webkit-box-decoration-break:clone;box-decoration-break:clone;padding-top:0px;padding-right:0px;padding-bottom:0px;padding-left:0px;}<\/style>\n<div class=\"kt-adv-heading77_7a8709-53 wp-block-kadence-advancedheading has-theme-palette-5-color has-text-color\" data-kb-block=\"kb-adv-heading77_7a8709-53\">Welkom bij de Smart Renter Housing Hub \ud83c\udfe0<\/div>\n\n\n<style>.wp-block-kadence-advancedheading.kt-adv-heading77_555ec2-ce, .wp-block-kadence-advancedheading.kt-adv-heading77_555ec2-ce[data-kb-block=\"kb-adv-heading77_555ec2-ce\"]{padding-top:0px;padding-bottom:var(--global-kb-spacing-sm, 1.5rem);margin-top:0px;margin-bottom:0px;font-size:var(--global-kb-font-size-xl, 3rem);line-height:1.2;font-style:normal;}.wp-block-kadence-advancedheading.kt-adv-heading77_555ec2-ce mark.kt-highlight, .wp-block-kadence-advancedheading.kt-adv-heading77_555ec2-ce[data-kb-block=\"kb-adv-heading77_555ec2-ce\"] mark.kt-highlight{font-style:normal;color:#f76a0c;-webkit-box-decoration-break:clone;box-decoration-break:clone;padding-top:0px;padding-right:0px;padding-bottom:0px;padding-left:0px;}<\/style>\n<h2 class=\"kt-adv-heading77_555ec2-ce wp-block-kadence-advancedheading has-theme-palette-3-color has-text-color\" data-kb-block=\"kb-adv-heading77_555ec2-ce\">Een gepersonaliseerde ruimte om je huur te beheren, je praktische informatie bij te houden en toegang te krijgen tot je tools.<\/h2>\n\n\n<style>.wp-block-kadence-advancedheading.kt-adv-heading77_48736a-f6, .wp-block-kadence-advancedheading.kt-adv-heading77_48736a-f6[data-kb-block=\"kb-adv-heading77_48736a-f6\"]{font-style:normal;}.wp-block-kadence-advancedheading.kt-adv-heading77_48736a-f6 mark.kt-highlight, .wp-block-kadence-advancedheading.kt-adv-heading77_48736a-f6[data-kb-block=\"kb-adv-heading77_48736a-f6\"] mark.kt-highlight{font-style:normal;color:#f76a0c;-webkit-box-decoration-break:clone;box-decoration-break:clone;padding-top:0px;padding-right:0px;padding-bottom:0px;padding-left:0px;}<\/style>\n<p class=\"kt-adv-heading77_48736a-f6 has-md-font-size wp-block-kadence-advancedheading has-theme-palette-4-color has-text-color\" data-kb-block=\"kb-adv-heading77_48736a-f6\">De Housing Hub is een ruimte die is gereserveerd voor huurders en huiseigenaren met Smart Renter-toegang.<br>Hiermee kun je :<br>\ud83d\udcc4 Uw belangrijkste documenten en informatie bekijken<br>\ud83d\udee0\ufe0f Reparaties bijhouden en rapporteren<br>Data en deadlines in de gaten houden<br>\ud83e\udd1d Neem contact op met uw huisbaas of huurder<br>Om toegang te krijgen tot je persoonlijke hub, log je in met je Smart Renter gegevens.<br>Als je nog geen account hebt, neem dan contact op met je verhuurder of het Smart Renter-team.<\/p>\n\n\n<style>.wp-block-kadence-advancedbtn.kb-btns77_cf1547-8a{gap:var(--global-kb-gap-xs, 0.5rem );justify-content:flex-start;align-items:center;}.kt-btns77_cf1547-8a .kt-button{font-weight:normal;font-style:normal;}<\/style>\n<div class=\"wp-block-kadence-advancedbtn kb-buttons-wrap kb-btns77_cf1547-8a\"><style>ul.menu .wp-block-kadence-advancedbtn .kb-btn77_0aecdf-f5.kb-button{width:initial;}<\/style><span class=\"kb-button kt-button button kb-btn77_0aecdf-f5 kt-btn-size-standard kt-btn-width-type-auto kb-btn-global-inherit kt-btn-has-text-true kt-btn-has-svg-false  wp-block-button__link wp-block-kadence-singlebtn\"><span class=\"kt-btn-inner-text\">Aanmelden<\/span><\/span><\/div>\n<\/div><\/div>\n\n<\/div><\/div>","protected":false},"excerpt":{"rendered":"<p>Bienvenue dans votre Hub Logement Smart Renter \ud83c\udfe0 Un espace personnalis\u00e9 pour g\u00e9rer votre location, suivre vos infos pratiques et acc\u00e9der \u00e0 vos outils. Le Hub Logement est un espace r\u00e9serv\u00e9 aux locataires et propri\u00e9taires disposant d\u2019un acc\u00e8s Smart Renter.Il vous permet de :\ud83d\udcc4 Consulter vos documents et informations cl\u00e9s\ud83d\udee0\ufe0f Suivre et signaler les r\u00e9parations\ud83d\udcc6&#8230;<\/p>","protected":false},"author":1,"featured_media":0,"parent":0,"menu_order":0,"comment_status":"closed","ping_status":"closed","template":"","meta":{"_themeisle_gutenberg_block_has_review":false,"_kad_post_transparent":"","_kad_post_title":"","_kad_post_layout":"","_kad_post_sidebar_id":"","_kad_post_content_style":"","_kad_post_vertical_padding":"","_kad_post_feature":"","_kad_post_feature_position":"","_kad_post_header":false,"_kad_post_footer":false,"footnotes":""},"class_list":["post-77","page","type-page","status-publish","hentry"],"_links":{"self":[{"href":"https:\/\/www.smartrenter.be\/nl\/wp-json\/wp\/v2\/pages\/77","targetHints":{"allow":["GET"]}}],"collection":[{"href":"https:\/\/www.smartrenter.be\/nl\/wp-json\/wp\/v2\/pages"}],"about":[{"href":"https:\/\/www.smartrenter.be\/nl\/wp-json\/wp\/v2\/types\/page"}],"author":[{"embeddable":true,"href":"https:\/\/www.smartrenter.be\/nl\/wp-json\/wp\/v2\/users\/1"}],"replies":[{"embeddable":true,"href":"https:\/\/www.smartrenter.be\/nl\/wp-json\/wp\/v2\/comments?post=77"}],"version-history":[{"count":5,"href":"https:\/\/www.smartrenter.be\/nl\/wp-json\/wp\/v2\/pages\/77\/revisions"}],"predecessor-version":[{"id":196,"href":"https:\/\/www.smartrenter.be\/nl\/wp-json\/wp\/v2\/pages\/77\/revisions\/196"}],"wp:attachment":[{"href":"https:\/\/www.smartrenter.be\/nl\/wp-json\/wp\/v2\/media?parent=77"}],"curies":[{"name":"wp","href":"https:\/\/api.w.org\/{rel}","templated":true}]}}